{"id":68,"date":"2024-02-19T18:54:16","date_gmt":"2024-02-19T18:54:16","guid":{"rendered":"https:\/\/www.kjr-mooot.de\/blog\/?page_id=68"},"modified":"2025-12-07T22:51:57","modified_gmt":"2025-12-07T22:51:57","slug":"ueber-dieses-projekt","status":"publish","type":"page","link":"https:\/\/www.kjr-mooot.de\/blog\/ueber-dieses-projekt\/","title":{"rendered":"\u00dcber dieses Projekt"},"content":{"rendered":"\n<h1 class=\"wp-block-heading\"><strong>Projekt: MoooT-Server<\/strong><\/h1>\n\n\n\n<p>Entstanden ist dieser Server im Rahmen des Bastel-Donnerstag. Ich wollte einfach sehen, ob YunoHost sein&nbsp; Versprechen einhalten kann, das Ihr &#8222;Betriebsystem&#8220; das Hosting von Internetdiensten f\u00fcr jeden m\u00f6glich macht.<\/p>\n\n\n\n<p>Die einfache Antwort, nein.<\/p>\n\n\n\n<p>Die nur ein bischen l\u00e4ngere Antwort. Nein, weil ordentliche Grundkenntnisse im Umgang mit Linux definitiv n\u00f6tig sind. Und auch Kenntnisse dar\u00fcber wie und wo man bei seinem Provider zum Beispiel die DNS-Eintrage f\u00fcr eine Domain \u00e4ndert bzw eintr\u00e4gt.<\/p>\n\n\n\n<p>Daher meine Einsch\u00e4tzung der Schwierigkeit nach MoooT-Level:<\/p>\n\n\n\n<figure class=\"wp-block-table\"><table class=\"has-fixed-layout\"><tbody><tr><td><figure><img loading=\"lazy\" decoding=\"async\" class=\"alignleft wp-image-393 size-full\" src=\"https:\/\/www.kjr-mut.de\/wp-content\/uploads\/2022\/07\/MuT_Geek.png\" alt=\"\" width=\"300\" height=\"128\"><\/figure><\/td><td><strong>Geek<\/strong>: Ordentliche Grundkenntisse in Linux, arbeiten mit der SSH und einem Editor wie nano<br>\n(vi\/vim&#8230; &#8230;ne lieber nicht \u00af\\_(\u30c4)_\/\u00af )<\/td><\/tr><\/tbody><\/table><\/figure>\n\n\n\n<p>Und das ganze hat nat\u00fcrlich ein bisschen mehr Zeit in Anspruch genommen als ein Bastel-Donnerstag Stunden hat.<\/p>\n\n\n\n<h2 class=\"wp-block-heading\"><strong>Was ist den des \u00fcberhaupt:<\/strong><\/h2>\n\n\n\n<p>YunoHost ist eine Serveranwendung die es erm\u00f6glichen soll, einen Internetserver auf einfache Art und Weise betreiben zu k\u00f6nnen. Es setzt auf dem Betriebssystem Linux auf und verweinfacht die Basiskonfoguration (Mailserver, Firewall und Co).<br>\nDazu gibt es noch fertig vorkonfigurierte Anwendungen und Dienste die sich hinzuf\u00fcgen lassen. Ihr wollt es selbst ausprobieren oder mehr dar\u00fcber erfahren?<br>\nHier der Link zu <a href=\"https:\/\/yunohost.org\/#\/\">Yunohost<\/a><\/p>\n\n\n\n<h2 class=\"wp-block-heading\"><strong>Aber warum?<\/strong><\/h2>\n\n\n\n<p>Die kurze Antwort: Wenn man selber einen Server betreibt liegen die Daten nicht bei einem anderem Anbieter f\u00fcr den Dienst.<\/p>\n\n\n\n<p>Die etwas l\u00e4ngere Antwort: &#8230;WIP&#8230;<br>\n&#8211; Hoheit \u00fcber die Daten<br>\n(keine kommerzialisierung der pb-Daten)<br>\n&#8211; Open Source &#8211; freie Software<br>\n(Frei! Nicht nur wie in Freibier sonder auch wie in Freiheit)<br>\n&#8211; Algorithmus freie Social Media<br>\n(siehe 25. Kommentar zu den UN-Kinderechten)<\/p>\n\n\n\n<h2 class=\"wp-block-heading\"><strong>Fazit:<\/strong><\/h2>\n\n\n\n<p>Wenn man von den Anspruch an die Kenntnisse absieht, erm\u00f6glicht es YunoHost fast tats\u00e4chlich ein selberhosten. Man wird damit unabh\u00e4ngig von anderen Anbietern und hat alles in der eigenen Hand, ohne alles selber konfigurieren zu m\u00fcssen. Vor allem das die Basisdienste von YunoHost (zumindest wie es jetzt aussieht) wie Mailserver, Webserver und Firewall automatisch richtig eingerichtet werden, nimmt die erste H\u00fcrde zum eignen Hosting. Ob das Bestand hat f\u00fcr einen l\u00e4ngeren Zeitraum und wie das ganze unter etwas mehr Last l\u00e4uft, werden wir sehen.<\/p>\n\n\n\n<h2 class=\"wp-block-heading\"><strong>Update (ein Jahr sp\u00e4ter)<\/strong><\/h2>\n\n\n\n<p>\u00dcber ein Jahr sp\u00e4ter l\u00e4uft der Yunohost klaglos vor sich hin. Bis auf regelm\u00e4ssiges dr\u00fccken des Update-Buttons ist nicht zu tun.<br>(Ausser man spielt an manchen sachen zu sehr rum und\/oder ist beim Update zu ungeduldig. Dann kann es passieren, das man eine Anwendung schon mal &#8222;zerschiesst&#8220;)<\/p>\n\n\n\n<p>Deswegen bleibt der &#8222;Testserver&#8220; weiter im Betrieb.<\/p>\n\n\n\n<p>&nbsp;<\/p>\n","protected":false},"excerpt":{"rendered":"<p>Projekt: MoooT-Server Entstanden ist dieser Server im Rahmen des Bastel-Donnerstag. Ich wollte einfach sehen, ob YunoHost sein&nbsp; Versprechen einhalten kann, das Ihr &#8222;Betriebsystem&#8220; das Hosting von Internetdiensten f\u00fcr jeden m\u00f6glich macht. Die einfache Antwort, nein. Die nur ein bischen l\u00e4ngere Antwort. Nein, weil ordentliche Grundkenntnisse im Umgang mit Linux definitiv n\u00f6tig sind. Und auch Kenntnisse [&hellip;]<\/p>\n","protected":false},"author":1,"featured_media":0,"parent":0,"menu_order":0,"comment_status":"closed","ping_status":"closed","template":"","meta":{"footnotes":""},"class_list":["post-68","page","type-page","status-publish","hentry"],"_links":{"self":[{"href":"https:\/\/www.kjr-mooot.de\/blog\/wp-json\/wp\/v2\/pages\/68","targetHints":{"allow":["GET"]}}],"collection":[{"href":"https:\/\/www.kjr-mooot.de\/blog\/wp-json\/wp\/v2\/pages"}],"about":[{"href":"https:\/\/www.kjr-mooot.de\/blog\/wp-json\/wp\/v2\/types\/page"}],"author":[{"embeddable":true,"href":"https:\/\/www.kjr-mooot.de\/blog\/wp-json\/wp\/v2\/users\/1"}],"replies":[{"embeddable":true,"href":"https:\/\/www.kjr-mooot.de\/blog\/wp-json\/wp\/v2\/comments?post=68"}],"version-history":[{"count":20,"href":"https:\/\/www.kjr-mooot.de\/blog\/wp-json\/wp\/v2\/pages\/68\/revisions"}],"predecessor-version":[{"id":340,"href":"https:\/\/www.kjr-mooot.de\/blog\/wp-json\/wp\/v2\/pages\/68\/revisions\/340"}],"wp:attachment":[{"href":"https:\/\/www.kjr-mooot.de\/blog\/wp-json\/wp\/v2\/media?parent=68"}],"curies":[{"name":"wp","href":"https:\/\/api.w.org\/{rel}","templated":true}]}}