{"id":41,"date":"2024-02-15T17:30:56","date_gmt":"2024-02-15T17:30:56","guid":{"rendered":"https:\/\/www.kjr-mooot.de\/blog\/?page_id=41"},"modified":"2025-12-06T23:04:34","modified_gmt":"2025-12-06T23:04:34","slug":"impressum","status":"publish","type":"page","link":"https:\/\/www.kjr-mooot.de\/blog\/impressum\/","title":{"rendered":"Impressum"},"content":{"rendered":"\n<h2 class=\"wp-block-heading\">Fachstelle Medien und Technologie<\/h2>\n\n\n\n<p>E-Mail: mut@kjr-m.de<br>\n<small>Fingerprint: 8A6141C4A9B2235EE48DE1D3E72D4FC0CD038BB0<\/small><\/p>\n\n\n\n<h4 class=\"wp-block-heading\">Kreisjugendring M\u00fcnchen-Stadt<\/h4>\n\n\n\n<p>Paul-Heyse-Stra\u00dfe 22<br>\n80336 M\u00fcnchen<br>\nTel. 089 \/ 51 41 06-0<br>\nFax 089 \/ 51 41 06-45<br>\nE-Mail:&nbsp;<a class=\"mail-link\" target=\"_blank\" rel=\"noreferrer noopener\" data-enc-email=\"vasb[at]xwe-z.qr\" data-wpel-link=\"ignore\"><span id=\"eeb-749174-69882\">info@kjr-m.de<\/span><\/a><\/p>\n\n\n\n<p>Der Kreisjugendring M\u00fcnchen-Stadt ist eine Gliederung des Bayerischen Jugendrings, K.d.\u00f6.R., entsprechend der Satzung des Bayerischen Jugendrings. Der Kreisjugendring M\u00fcnchen-Stadt wird vertreten durch die Vorsitzende Svenja Gutzeit. Der Bayerische Jugendring, Kd\u00f6R, wird vertreten durch den Ersten Pr\u00e4sidenten Philipp Seitz. Der gemeinn\u00fctzige Bayerische Jugendring untersteht als K\u00f6rperschaft des \u00f6ffentlichen Rechts der Rechtsaufsicht des Bayerischen Staatsministeriums f\u00fcr Familie, Arbeit und Soziales.<\/p>\n\n\n\n<p><strong>Haftungsausschluss<\/strong><br> Trotz sorgf\u00e4ltiger inhaltlicher Kontrolle \u00fcbernehmen wir keine Haftung f\u00fcr die Inhalte externer Links. F\u00fcr den Inhalt der verlinkten Seiten sind ausschlie\u00dflich deren Betreiber verantwortlich.<\/p>\n\n\n\n<p>&nbsp;<\/p>\n\n\n\n<p class=\"has-text-align-center\"> <div class=\"brlbs-cmpnt-container brlbs-cmpnt-content-blocker brlbs-cmpnt-with-individual-styles\" data-borlabs-cookie-content-blocker-id=\"default\" data-borlabs-cookie-content=\"PGlmcmFtZSBzdHlsZT0iYm9yZGVyOiAxcHggc29saWQgYmxhY2s7IiBzcmM9Imh0dHBzOi8vd3d3Lm9wZW5zdHJlZXRtYXAub3JnL2V4cG9ydC9lbWJlZC5odG1sP2Jib3g9MTEuNTUzNDg5MjY3ODI2MDgyJTJDNDguMTM1NzM1NjM3OTU1MzE0JTJDMTEuNTU3MDI5NzgzNzI1NzQlMkM0OC4xMzcyNDYzOTM0NDMyMiZhbXA7bGF5ZXI9bWFwbmlrIiB3aWR0aD0iNDI1IiBoZWlnaHQ9IjM1MCIgZnJhbWVib3JkZXI9IjAiIG1hcmdpbndpZHRoPSIwIiBtYXJnaW5oZWlnaHQ9IjAiIHNjcm9sbGluZz0ibm8iPjwvaWZyYW1lPg==\"><div class=\"brlbs-cmpnt-cb-preset-a\"> <p class=\"brlbs-cmpnt-cb-description\">Sie sehen gerade einen Platzhalterinhalt von <strong>Standard<\/strong>. Um auf den eigentlichen Inhalt zuzugreifen, klicken Sie auf den Button unten. Bitte beachten Sie, dass dabei Daten an Drittanbieter weitergegeben werden.<\/p> <div class=\"brlbs-cmpnt-cb-buttons\"> <a class=\"brlbs-cmpnt-cb-btn\" href=\"#\" data-borlabs-cookie-unblock role=\"button\">Inhalt entsperren<\/a> <a class=\"brlbs-cmpnt-cb-btn\" href=\"#\" data-borlabs-cookie-accept-service role=\"button\" style=\"display: none\">Erforderlichen Service akzeptieren und Inhalte entsperren<\/a> <\/div> <a class=\"brlbs-cmpnt-cb-provider-toggle\" href=\"#\" data-borlabs-cookie-show-provider-information role=\"button\">Weitere Informationen<\/a> <\/div><\/div><br>\n<small><a href=\"https:\/\/www.openstreetmap.org\/#map=19\/48.13649\/11.55526\">Gr\u00f6\u00dfere Karte anzeigen<\/a><\/small><\/p>\n\n\n\n<p><\/p>\n","protected":false},"excerpt":{"rendered":"<p>Fachstelle Medien und Technologie E-Mail: mut@kjr-m.de Fingerprint: 8A6141C4A9B2235EE48DE1D3E72D4FC0CD038BB0 Kreisjugendring M\u00fcnchen-Stadt Paul-Heyse-Stra\u00dfe 22 80336 M\u00fcnchen Tel. 089 \/ 51 41 06-0 Fax 089 \/ 51 41 06-45 E-Mail:&nbsp;info@kjr-m.de Der Kreisjugendring M\u00fcnchen-Stadt ist eine Gliederung des Bayerischen Jugendrings, K.d.\u00f6.R., entsprechend der Satzung des Bayerischen Jugendrings. Der Kreisjugendring M\u00fcnchen-Stadt wird vertreten durch die Vorsitzende Svenja Gutzeit. Der Bayerische [&hellip;]<\/p>\n","protected":false},"author":1,"featured_media":0,"parent":0,"menu_order":0,"comment_status":"closed","ping_status":"closed","template":"","meta":{"footnotes":""},"class_list":["post-41","page","type-page","status-publish","hentry"],"_links":{"self":[{"href":"https:\/\/www.kjr-mooot.de\/blog\/wp-json\/wp\/v2\/pages\/41","targetHints":{"allow":["GET"]}}],"collection":[{"href":"https:\/\/www.kjr-mooot.de\/blog\/wp-json\/wp\/v2\/pages"}],"about":[{"href":"https:\/\/www.kjr-mooot.de\/blog\/wp-json\/wp\/v2\/types\/page"}],"author":[{"embeddable":true,"href":"https:\/\/www.kjr-mooot.de\/blog\/wp-json\/wp\/v2\/users\/1"}],"replies":[{"embeddable":true,"href":"https:\/\/www.kjr-mooot.de\/blog\/wp-json\/wp\/v2\/comments?post=41"}],"version-history":[{"count":4,"href":"https:\/\/www.kjr-mooot.de\/blog\/wp-json\/wp\/v2\/pages\/41\/revisions"}],"predecessor-version":[{"id":288,"href":"https:\/\/www.kjr-mooot.de\/blog\/wp-json\/wp\/v2\/pages\/41\/revisions\/288"}],"wp:attachment":[{"href":"https:\/\/www.kjr-mooot.de\/blog\/wp-json\/wp\/v2\/media?parent=41"}],"curies":[{"name":"wp","href":"https:\/\/api.w.org\/{rel}","templated":true}]}}