{"id":35,"date":"2024-02-15T17:26:21","date_gmt":"2024-02-15T17:26:21","guid":{"rendered":"https:\/\/www.kjr-mooot.de\/blog\/?page_id=35"},"modified":"2025-12-18T06:27:31","modified_gmt":"2025-12-18T06:27:31","slug":"willkommen","status":"publish","type":"page","link":"https:\/\/www.kjr-mooot.de\/blog\/","title":{"rendered":"Willkommen"},"content":{"rendered":"\n<h1 class=\"wp-block-heading has-text-align-center has-x-large-font-size\"><strong>Willkommen auf der Infoseite zu den Onlinediensten der Fachstelle Medien und Technologie im Kreisjugendring M\u00fcnchen-Stadt<\/strong><\/h1>\n\n\n\n<p>Die Dienste sind im Internet im wesentlichen unter zwei unterschiedliche Domains zu finden.<\/p>\n\n\n\n<div class=\"wp-block-columns is-layout-flex wp-container-core-columns-is-layout-28f84493 wp-block-columns-is-layout-flex\">\n<div class=\"wp-block-column is-layout-flow wp-block-column-is-layout-flow\">\n<h4 class=\"wp-block-heading\"><strong><a href=\"https:\/\/www.kjr-mooot.de\/blog\/ueber-den-kjr-m-social-server\/\" data-type=\"page\" data-id=\"242\">kjr-m.social<\/a><\/strong><\/h4>\n\n\n\n<p>Unter der kjr-m.social finden sich alle Dienste, die wir zwar selber Administrieren und Moderieren aber nicht selbst hosten. Dazu geh\u00f6ren drei Fediverse-Social-Media-Plattformen und eine Cloud.<\/p>\n\n\n\n<hr class=\"wp-block-separator has-alpha-channel-opacity\"\/>\n\n\n\n<ul class=\"wp-block-list\">\n<li>Funkwhale (Musik &amp; Podcast im Fediverse)<\/li>\n\n\n\n<li>Pixelfeed (Fotosharing im Fediverse)<\/li>\n\n\n\n<li>Peertube (Videoplattform)<\/li>\n\n\n\n<li>Nextcloud (Cloudspeicher)<\/li>\n<\/ul>\n\n\n\n<hr class=\"wp-block-separator has-alpha-channel-opacity\"\/>\n<\/div>\n\n\n\n<div class=\"wp-block-column is-layout-flow wp-block-column-is-layout-flow\">\n<h4 class=\"wp-block-heading\"><strong><a href=\"https:\/\/www.kjr-mooot.de\/blog\/dienste\/\" data-type=\"page\" data-id=\"59\">kjr-mooot.de<\/a><\/strong><\/h4>\n\n\n\n<p>Die Dienste unter kjr-mooot.de werden von uns auf einem virtuellen Server selbst gehostet. Dazu verwenden wir die die &#8222;Linux-Erweiterung&#8220; <a href=\"https:\/\/www.kjr-mooot.de\/blog\/ueber-dieses-projekt\/\">Yunohost<\/a>. Offiziell ist das noch immer ein Testserver.<\/p>\n\n\n\n<hr class=\"wp-block-separator has-alpha-channel-opacity\"\/>\n\n\n\n<ul class=\"wp-block-list\">\n<li>Etherpad (Zusammen schreiben)<\/li>\n\n\n\n<li>Cryptpad (Cloud und Zusammenarbeit)<\/li>\n\n\n\n<li>Rustdesk (Fernwartung, aber nicht \u00f6ffentlich)<\/li>\n\n\n\n<li>Pleroma\/Fediverse (Microblogging)<\/li>\n\n\n\n<li>LibreQR (QR-Codes erstellen)<\/li>\n\n\n\n<li>PairDrop (Daten teilen)<\/li>\n<\/ul>\n\n\n\n<hr class=\"wp-block-separator has-alpha-channel-opacity\"\/>\n<\/div>\n<\/div>\n\n\n\n<p><strong>Mit der Bereitstellung der Dienste m\u00f6chten wir die digitalen Souver\u00e4nit\u00e4t der Kinder und Jugendarbeit im Kreisjugendring M\u00fcnchen-Stadt unterst\u00fctzen. Die Dienste richten sich in\u00a0 erster Linie an Mitarbeitende des KJR-M. Wird eine Registrierung ben\u00f6tigt oder eine Erweiterung des Speicherplatzes, ist dies nur f\u00fcr Diese m\u00f6glich.<\/strong><\/p>\n\n\n\n<p><\/p>\n","protected":false},"excerpt":{"rendered":"<p>Willkommen auf der Infoseite zu den Onlinediensten der Fachstelle Medien und Technologie im Kreisjugendring M\u00fcnchen-Stadt Die Dienste sind im Internet im wesentlichen unter zwei unterschiedliche Domains zu finden. kjr-m.social Unter der kjr-m.social finden sich alle Dienste, die wir zwar selber Administrieren und Moderieren aber nicht selbst hosten. Dazu geh\u00f6ren drei Fediverse-Social-Media-Plattformen und eine Cloud. kjr-mooot.de [&hellip;]<\/p>\n","protected":false},"author":1,"featured_media":0,"parent":0,"menu_order":0,"comment_status":"closed","ping_status":"closed","template":"","meta":{"footnotes":""},"class_list":["post-35","page","type-page","status-publish","hentry"],"_links":{"self":[{"href":"https:\/\/www.kjr-mooot.de\/blog\/wp-json\/wp\/v2\/pages\/35","targetHints":{"allow":["GET"]}}],"collection":[{"href":"https:\/\/www.kjr-mooot.de\/blog\/wp-json\/wp\/v2\/pages"}],"about":[{"href":"https:\/\/www.kjr-mooot.de\/blog\/wp-json\/wp\/v2\/types\/page"}],"author":[{"embeddable":true,"href":"https:\/\/www.kjr-mooot.de\/blog\/wp-json\/wp\/v2\/users\/1"}],"replies":[{"embeddable":true,"href":"https:\/\/www.kjr-mooot.de\/blog\/wp-json\/wp\/v2\/comments?post=35"}],"version-history":[{"count":44,"href":"https:\/\/www.kjr-mooot.de\/blog\/wp-json\/wp\/v2\/pages\/35\/revisions"}],"predecessor-version":[{"id":365,"href":"https:\/\/www.kjr-mooot.de\/blog\/wp-json\/wp\/v2\/pages\/35\/revisions\/365"}],"wp:attachment":[{"href":"https:\/\/www.kjr-mooot.de\/blog\/wp-json\/wp\/v2\/media?parent=35"}],"curies":[{"name":"wp","href":"https:\/\/api.w.org\/{rel}","templated":true}]}}