{"id":242,"date":"2025-03-12T09:56:08","date_gmt":"2025-03-12T09:56:08","guid":{"rendered":"https:\/\/www.kjr-mooot.de\/blog\/?page_id=242"},"modified":"2025-12-07T23:19:35","modified_gmt":"2025-12-07T23:19:35","slug":"ueber-den-kjr-m-social-server","status":"publish","type":"page","link":"https:\/\/www.kjr-mooot.de\/blog\/ueber-den-kjr-m-social-server\/","title":{"rendered":"\u00dcber den kjr-m.social Server"},"content":{"rendered":"\n<h1 class=\"wp-block-heading has-text-align-center\"><strong>Dienste auf kjr-m.social<\/strong><\/h1>\n\n\n\n<h3 class=\"wp-block-heading has-text-align-center has-base-color has-contrast-background-color has-text-color has-background has-link-color wp-elements-46b58f292fe884d3e74bb15850004adb\"><strong>Allgemeines<\/strong><\/h3>\n\n\n\n<p>Hinter kjr-m.social versammeln sich mehrere Anwendungen die wir bei professionellen Hostern gemietet haben. Damit stellen wir sicher das sie immer zu erreichen sind. Trotzdem sind alle Anwendungen Open-Source und haben Ihren Serverstandort in Deutschland.<\/p>\n\n\n\n<p>Ihr wollt einen der Dienste nutzen, dann k\u00f6nnt Ihr Euch, sofern Ihr im Kreisjugendring M\u00fcnchen-Stadt seit, an die Fachstelle Medien und Technologie wenden.<\/p>\n\n\n\n<h3 class=\"wp-block-heading has-text-align-center has-base-color has-contrast-background-color has-text-color has-background has-link-color wp-elements-b5f6ae8e94c233317daa27028450a12d\"><strong>Funkwhale<\/strong><\/h3>\n\n\n\n<p>Funkwhale ist eine Musik und Podcast-Platform. Auf Ihr k\u00f6nnen Audio-Datein ver\u00f6ffentlicht werden und in Alben strukturiert werden. Diese k\u00f6nnen \u00fcber das Fediverse aboniert werden. Aber auch \u00fcber RSS mit jeder beliebigen Podcast-Anwendung.<\/p>\n\n\n\n<p><a href=\"https:\/\/funk.kjr-m.social\" target=\"_blank\" rel=\"noreferrer noopener\">https:\/\/funk.kjr-m.social<\/a><\/p>\n\n\n\n<h3 class=\"wp-block-heading has-text-align-center has-base-color has-contrast-background-color has-text-color has-background has-link-color wp-elements-6d68f96df07dca1c3a38998b0aa143c3\"><strong>PeerTube<\/strong><\/h3>\n\n\n\n<p>F\u00fcr das ver\u00f6ffentlichen von Videos haben wir einen Peertube-Server. Hochgeladene Videos werden in Kan\u00e4len organisiert und k\u00f6nnen \u00fcber einen Link gteilt werden oder in andere Seiten eingebetet werden. Eigentlich ist PeerTube eine Anwendung im Fediverse, bei uns ist die F\u00f6derierung jedoch abgeschaltet.<\/p>\n\n\n\n<p><a href=\"https:\/\/tube.kjr-m.social\" target=\"_blank\" rel=\"noreferrer noopener\">https:\/\/tube.kjr-m.social<\/a><\/p>\n\n\n\n<h3 class=\"wp-block-heading has-text-align-center has-base-color has-contrast-background-color has-text-color has-background has-link-color wp-elements-25bbd798961a8055dfdca8df4e2719ce\"><strong>Pixelfeed<\/strong><\/h3>\n\n\n\n<p>Pixelfed ist eine Alternative zu der kommerziellen Platform Instagram. Pixelfed ist Teil des Fediverses, so das man Benutzer*innen von anderen Fediverse folgen kann und umgekehrt.<\/p>\n\n\n\n<p><a href=\"https:\/\/pixel.kjr-m.social\" target=\"_blank\" rel=\"noreferrer noopener\">https:\/\/pixel.kjr-m.social<\/a><\/p>\n\n\n\n<h3 class=\"wp-block-heading has-text-align-center has-base-color has-contrast-background-color has-text-color has-background has-link-color wp-elements-ae4277093afa43ffb0514cea45bdc516\"><strong>Nextcloud<\/strong><\/h3>\n\n\n\n<p>F\u00fcr Hauptamtliche im Kreisjugendring steht mit dieser Cloud ein Online-Speicher und Platform zum kolaborativen Arbeiten zur Verf\u00fcgung. Neben der Organiseren und Teilen von Daten steht auf unserer Nextcloud mit OnlyOffice eine komplette MS-kompatible (also weitestgehend)Office-Suite zur Verf\u00fcgung.<\/p>\n\n\n\n<p><a href=\"https:\/\/next.kjr-m.social\" target=\"_blank\" rel=\"noreferrer noopener\">https:\/\/next.kjr-m.social<\/a><\/p>\n\n\n\n<p><\/p>\n","protected":false},"excerpt":{"rendered":"<p>Dienste auf kjr-m.social Allgemeines Hinter kjr-m.social versammeln sich mehrere Anwendungen die wir bei professionellen Hostern gemietet haben. Damit stellen wir sicher das sie immer zu erreichen sind. Trotzdem sind alle Anwendungen Open-Source und haben Ihren Serverstandort in Deutschland. Ihr wollt einen der Dienste nutzen, dann k\u00f6nnt Ihr Euch, sofern Ihr im Kreisjugendring M\u00fcnchen-Stadt seit, an [&hellip;]<\/p>\n","protected":false},"author":1,"featured_media":0,"parent":0,"menu_order":0,"comment_status":"closed","ping_status":"closed","template":"","meta":{"footnotes":""},"class_list":["post-242","page","type-page","status-publish","hentry"],"_links":{"self":[{"href":"https:\/\/www.kjr-mooot.de\/blog\/wp-json\/wp\/v2\/pages\/242","targetHints":{"allow":["GET"]}}],"collection":[{"href":"https:\/\/www.kjr-mooot.de\/blog\/wp-json\/wp\/v2\/pages"}],"about":[{"href":"https:\/\/www.kjr-mooot.de\/blog\/wp-json\/wp\/v2\/types\/page"}],"author":[{"embeddable":true,"href":"https:\/\/www.kjr-mooot.de\/blog\/wp-json\/wp\/v2\/users\/1"}],"replies":[{"embeddable":true,"href":"https:\/\/www.kjr-mooot.de\/blog\/wp-json\/wp\/v2\/comments?post=242"}],"version-history":[{"count":9,"href":"https:\/\/www.kjr-mooot.de\/blog\/wp-json\/wp\/v2\/pages\/242\/revisions"}],"predecessor-version":[{"id":347,"href":"https:\/\/www.kjr-mooot.de\/blog\/wp-json\/wp\/v2\/pages\/242\/revisions\/347"}],"wp:attachment":[{"href":"https:\/\/www.kjr-mooot.de\/blog\/wp-json\/wp\/v2\/media?parent=242"}],"curies":[{"name":"wp","href":"https:\/\/api.w.org\/{rel}","templated":true}]}}