{"id":104,"date":"2024-02-26T15:38:56","date_gmt":"2024-02-26T15:38:56","guid":{"rendered":"https:\/\/www.kjr-mooot.de\/blog\/?page_id=104"},"modified":"2025-12-07T00:30:25","modified_gmt":"2025-12-07T00:30:25","slug":"nutzungsbedingungen","status":"publish","type":"page","link":"https:\/\/www.kjr-mooot.de\/blog\/nutzungsbedingungen\/","title":{"rendered":"Nutzungsbedingungen"},"content":{"rendered":"\n<h2 class=\"wp-block-heading\"><strong>Nutzungsbedingungen<\/strong><\/h2>\n\n\n\n<h3 class=\"wp-block-heading\">Allgemein<\/h3>\n\n\n\n<p>Die Nutzung\u00a0 unserer Dienste bedeutet die Annahme unserer Bedingungen. Wenn Du in irgendeiner Weise mit einem Dienst auf kjr-m.social oder kjr-mooot.de interagierst, sei es als registrierter Benutzer oder von einer entfernten Instanz aus (wenn der Dienst F\u00f6deration unterst\u00fctzt), erkl\u00e4rst Du dich mit den in diesem Dokument niedergeschriebenen Bedingungen einverstanden und bist an diese gebunden.<\/p>\n\n\n\n<h3 class=\"wp-block-heading\">\u00c4nderung der Bedingungen<\/h3>\n\n\n\n<p>Die Nutzungsbedingungen k\u00f6nnen im Laufe der Zeit weiterentwickelt werden. Wenn es \u00c4nderungen gibt, wirst Die von dem Dienst, den Du nutzen, dar\u00fcber informiert, da Du zustimmen m\u00fcssen, um den Dienst weiter zu nutzen.<\/p>\n\n\n\n<h3 class=\"wp-block-heading\">Versto\u00df gegen die Nutzungsbedingungen<\/h3>\n\n\n\n<p>Verst\u00f6\u00dfe gegen diese Bedingungen und unsere Regeln k\u00f6nnen zur sofortigen L\u00f6schung oder Sperrung deines Accounts (oder Servers) f\u00fchren. Du kannst den Administrator kontaktieren, wenn Du glaubst, dass ein Fehler vorliegt.<\/p>\n\n\n\n<h3 class=\"wp-block-heading\">Nutzung einer unserer Dienste<\/h3>\n\n\n\n<p>Du erkl\u00e4rst dich damit einverstanden, unsere Regeln und deutsches\/europ\u00e4isches Recht zu befolgen, w\u00e4hrend du diesen Dienst nutzt. Des Weiteren erkl\u00e4rst Du dich bereit a) den technischen Ablauf des Dienstes nicht zu st\u00f6ren und b) dich an die Verhaltensregeln des Dienstes zu halten.<\/p>\n\n\n\n<h3 class=\"wp-block-heading\">Verhaltensregeln (f\u00fcher mal Netiquette)<\/h3>\n\n\n\n<p>Als Anbieter dulden wir auf unseren Diensten keine gruppenbezogene Menschenfeindlichkeit. Wenn Du unseren Dienst nutzen m\u00f6chtest verzichtest Du auf beleidigende oder Andere herabsetzende Aussagen und Inhalte. Du achtest des Weiteren auf freundliche und hilfsbereite Umgangsformen.<\/p>\n\n\n\n<h3 class=\"wp-block-heading\">Illegale Inhalte<\/h3>\n\n\n\n<p>Jede Art von illegalem oder die Regeln missachtende Inhalt wird entfernt, wenn er gefunden wird. Dies f\u00fchrt auch zur Sperrung Deines Kontos. Bitte setz Dich sich mit uns in Verbindung, wenn Du anderer Meinung bist oder Kl\u00e4rungsbedarf hast.<br>Strafrechtlichen Inhalten werden wir dar\u00fcber hinaus zur Anzeige bringen.<\/p>\n\n\n\n<h3 class=\"wp-block-heading\">Kontoerstellung<\/h3>\n\n\n\n<p>Um ein Konto zu erstellen, musst Du bei manchen Diensten eine g\u00fcltige E-Mail-Adresse angeben.<br>Je nach Dienst wird diese f\u00fcr verschiedene Aufgaben verwendet (Verifizierung, Benachrichtigungen, Passwort zur\u00fccksetzten). Diese Adresse wird niemals an Dritte weitergegeben.<\/p>\n\n\n\n<h3 class=\"wp-block-heading\">Mindestalter<\/h3>\n\n\n\n<p>F\u00fcr die Nutzung unsere Dienste musst Du mindestens 16 Jahre alt sein. F\u00fcr einzelne Dienste oder Projekte\/Aktionen im Rahmen der p\u00e4dagogischen Arbeit kann mit Einverst\u00e4ndnis der Erziehungsberechtigten davon Abweichende Regelungen getroffen werden.<\/p>\n\n\n\n<h3 class=\"wp-block-heading\">Einschr\u00e4nkung &amp; Beendigung<\/h3>\n\n\n\n<p>Dein Konto kann nach unserem alleinigen Ermessen eingeschr\u00e4nkt, blockiert, deaktiviert oder vollst\u00e4ndig gek\u00fcndigt werden, ohne dass wir Dich davon in Kenntnis setzen oder Dir gegen\u00fcber eine Haftung \u00fcbernehmen. Auch kann der Bereitstellung des Dienstes jederzeit eingestellt werden, ebenfalls ohne dass wir Dich davon in Kenntnis setzen oder Dir gegen\u00fcber eine Haftung \u00fcbernehmen.<\/p>\n\n\n\n<h3 class=\"wp-block-heading\">Gew\u00e4hrleistung<\/h3>\n\n\n\n<p>Die Dienste auf kjr-mooot.de werden unter Ausschluss jeglicher Gew\u00e4hrleistung zur Verf\u00fcgung gestellt. Die Nutzung erfolgt auf eigene Gefahr. Du erkennst an, dass wir keine Kontrolle \u00fcber die Inhalte von Drittanbietern haben und dass zu keinem Zeitpunkt eine Garantie gegeben wird.<\/p>\n\n\n\n<h3 class=\"wp-block-heading\">Haftungsausschluss<\/h3>\n\n\n\n<p>Trotz sorgf\u00e4ltiger inhaltlicher Kontrolle \u00fcbernehmen wir keine Haftung f\u00fcr die Inhalte externer Links. F\u00fcr den Inhalt der verlinkten Seiten sind ausschlie\u00dflich deren Betreiber verantwortlich. Solltest Du einen einen Link finden, dessen externen Seiten gegen geltendes Recht verst\u00f6st oder sonst unangemessene Inhalte hat, kontaktiere uns bitte.<\/p>\n","protected":false},"excerpt":{"rendered":"<p>Nutzungsbedingungen Allgemein Die Nutzung\u00a0 unserer Dienste bedeutet die Annahme unserer Bedingungen. Wenn Du in irgendeiner Weise mit einem Dienst auf kjr-m.social oder kjr-mooot.de interagierst, sei es als registrierter Benutzer oder von einer entfernten Instanz aus (wenn der Dienst F\u00f6deration unterst\u00fctzt), erkl\u00e4rst Du dich mit den in diesem Dokument niedergeschriebenen Bedingungen einverstanden und bist an diese [&hellip;]<\/p>\n","protected":false},"author":1,"featured_media":0,"parent":0,"menu_order":0,"comment_status":"closed","ping_status":"closed","template":"","meta":{"footnotes":""},"class_list":["post-104","page","type-page","status-publish","hentry"],"_links":{"self":[{"href":"https:\/\/www.kjr-mooot.de\/blog\/wp-json\/wp\/v2\/pages\/104","targetHints":{"allow":["GET"]}}],"collection":[{"href":"https:\/\/www.kjr-mooot.de\/blog\/wp-json\/wp\/v2\/pages"}],"about":[{"href":"https:\/\/www.kjr-mooot.de\/blog\/wp-json\/wp\/v2\/types\/page"}],"author":[{"embeddable":true,"href":"https:\/\/www.kjr-mooot.de\/blog\/wp-json\/wp\/v2\/users\/1"}],"replies":[{"embeddable":true,"href":"https:\/\/www.kjr-mooot.de\/blog\/wp-json\/wp\/v2\/comments?post=104"}],"version-history":[{"count":5,"href":"https:\/\/www.kjr-mooot.de\/blog\/wp-json\/wp\/v2\/pages\/104\/revisions"}],"predecessor-version":[{"id":329,"href":"https:\/\/www.kjr-mooot.de\/blog\/wp-json\/wp\/v2\/pages\/104\/revisions\/329"}],"wp:attachment":[{"href":"https:\/\/www.kjr-mooot.de\/blog\/wp-json\/wp\/v2\/media?parent=104"}],"curies":[{"name":"wp","href":"https:\/\/api.w.org\/{rel}","templated":true}]}}